{"id":318,"date":"2015-07-10T08:20:12","date_gmt":"2015-07-10T08:20:12","guid":{"rendered":"http:\/\/arkahost.com\/?page_id=318"},"modified":"2018-09-04T13:54:44","modified_gmt":"2018-09-04T13:54:44","slug":"empresa","status":"publish","type":"page","link":"http:\/\/grupozana.com.br\/site\/empresa\/","title":{"rendered":"Empresa"},"content":{"rendered":"<p>[vc_row][vc_column]<div class=\"clearfix margin_top7\"><\/div>[\/vc_column][\/vc_row][vc_row][vc_column][vc_column_text]<\/p>\n<p style=\"text-align: justify;\">O GRUPO ZANA foi constitu\u00eddo com a miss\u00e3o de oferecer solu\u00e7\u00f5es em montagem industrial nas usinas de cana-de-a\u00e7\u00facar, \u00e1lcool e gera\u00e7\u00e3o de energia, em f\u00e1bricas de ra\u00e7\u00e3o, entre outras.<br \/>\nAtuamos desde 1995, na loca\u00e7\u00e3o de guindastes e fabrica\u00e7\u00e3o de pe\u00e7as, montagem de equipamentos, tubula\u00e7\u00f5es, estruturas, tanques, vasos de press\u00e3o, geradores, caldeiras, destilarias, moendas, difusores e f\u00e1bricas de ra\u00e7\u00e3o, sempre visando atender e superar as expectativas de nossos clientes.<\/p>\n<p>[\/vc_column_text][\/vc_column][\/vc_row]<\/p>\n","protected":false},"excerpt":{"rendered":"<p>[vc_row][vc_column][\/vc_column][\/vc_row][vc_row][vc_column][vc_column_text] O GRUPO ZANA foi constitu\u00eddo com a miss\u00e3o de oferecer solu\u00e7\u00f5es em montagem industrial nas usinas de cana-de-a\u00e7\u00facar, \u00e1lcool e gera\u00e7\u00e3o de energia, em f\u00e1bricas de ra\u00e7\u00e3o, entre outras. Atuamos desde 1995, na loca\u00e7\u00e3o de guindastes e fabrica\u00e7\u00e3o de pe\u00e7as, montagem de equipamentos, tubula\u00e7\u00f5es, estruturas, tanques, vasos de press\u00e3o, geradores, caldeiras, destilarias, moendas, difusores [&hellip;]<\/p>\n","protected":false},"author":1,"featured_media":0,"parent":0,"menu_order":0,"comment_status":"closed","ping_status":"closed","template":"templates\/page-full.php","meta":[],"_links":{"self":[{"href":"http:\/\/grupozana.com.br\/site\/wp-json\/wp\/v2\/pages\/318"}],"collection":[{"href":"http:\/\/grupozana.com.br\/site\/wp-json\/wp\/v2\/pages"}],"about":[{"href":"http:\/\/grupozana.com.br\/site\/wp-json\/wp\/v2\/types\/page"}],"author":[{"embeddable":true,"href":"http:\/\/grupozana.com.br\/site\/wp-json\/wp\/v2\/users\/1"}],"replies":[{"embeddable":true,"href":"http:\/\/grupozana.com.br\/site\/wp-json\/wp\/v2\/comments?post=318"}],"version-history":[{"count":7,"href":"http:\/\/grupozana.com.br\/site\/wp-json\/wp\/v2\/pages\/318\/revisions"}],"predecessor-version":[{"id":2671,"href":"http:\/\/grupozana.com.br\/site\/wp-json\/wp\/v2\/pages\/318\/revisions\/2671"}],"wp:attachment":[{"href":"http:\/\/grupozana.com.br\/site\/wp-json\/wp\/v2\/media?parent=318"}],"curies":[{"name":"wp","href":"https:\/\/api.w.org\/{rel}","templated":true}]}}